{"id":5033,"date":"2024-09-24T15:05:09","date_gmt":"2024-09-24T15:05:09","guid":{"rendered":"https:\/\/analyticnews.site\/?page_id=5033"},"modified":"2025-03-28T21:10:01","modified_gmt":"2025-03-28T21:10:01","slug":"sobre-nos","status":"publish","type":"page","link":"http:\/\/analyticnews.site\/pt\/sobre-nos\/","title":{"rendered":"Sobre n\u00f3s"},"content":{"rendered":"<p>Bem-vindo ao Analytics News \u2013 seu recurso definitivo para descobrir as contribui\u00e7\u00f5es poderosas das mulheres em diversas \u00e1reas, como pol\u00edtica, ci\u00eancia, artes e muito mais. Nossa plataforma celebra as incr\u00edveis conquistas femininas e explora as hist\u00f3rias que moldam o nosso mundo. Seja voc\u00ea apaixonado por mudan\u00e7as sociais, buscando inspira\u00e7\u00e3o ou simplesmente curioso sobre a evolu\u00e7\u00e3o do papel das mulheres na sociedade, o Analytics News tem algo para voc\u00ea.<\/p>\n\n\n\n<p><strong>O que nos move<\/strong><\/p>\n\n\n\n<p>Na Analytics News, somos motivados pela cren\u00e7a de que conhecimento \u00e9 poder. Ao compartilhar hist\u00f3rias e insights impactantes, buscamos destacar as hist\u00f3rias n\u00e3o contadas de mulheres cujo trabalho continua a transformar ind\u00fastrias e sociedades. Temos o compromisso de fornecer conte\u00fado que n\u00e3o apenas informe, mas tamb\u00e9m gere debates, desafie percep\u00e7\u00f5es e inspire a\u00e7\u00f5es.<\/p>\n\n\n\n<p><strong>Quem Somos<\/strong><\/p>\n\n\n\n<p>O Analytics News \u00e9 mais do que um site \u2013 \u00e9 uma plataforma dedicada a destacar as mulheres diversas e pioneiras que est\u00e3o moldando o futuro. Nossa equipe \u00e9 formada por escritoras e pesquisadoras apaixonadas que entendem a import\u00e2ncia da representatividade e da inclus\u00e3o em cada hist\u00f3ria que contamos. Por meio de artigos, an\u00e1lises e entrevistas aprofundados, trazemos a voc\u00ea conte\u00fado que celebra a riqueza das contribui\u00e7\u00f5es femininas, ao mesmo tempo em que inspiramos outras a assumirem a lideran\u00e7a.<\/p>\n\n\n\n<p>De descobertas inovadoras a marcos culturais, cobrimos os t\u00f3picos que importam, trazendo as vozes das mulheres \u00e0 tona.<\/p>\n\n\n\n<p><strong>Envolva-se<\/strong><\/p>\n\n\n\n<p>Valorizamos sua perspectiva e convidamos voc\u00ea a participar da conversa. Seja para compartilhar uma hist\u00f3ria, explorar um t\u00f3pico ou simplesmente para se conectar, estamos abertos a ouvir. O Analytics News est\u00e1 aqui para fomentar uma comunidade de leitores informados e agentes de mudan\u00e7a ativos. Sua voz \u00e9 essencial para amplificar as hist\u00f3rias que merecem ser ouvidas.<\/p>\n\n\n\n<p>Vamos construir um mundo onde cada contribui\u00e7\u00e3o seja reconhecida e cada voz seja celebrada. Juntos, podemos fazer a diferen\u00e7a.<\/p>","protected":false},"excerpt":{"rendered":"<p>Bem-vindo ao Analytics News \u2013 seu recurso definitivo para descobrir as contribui\u00e7\u00f5es poderosas das mulheres em diversas \u00e1reas, como pol\u00edtica, ci\u00eancia, artes e muito mais. Nossa plataforma celebra as incr\u00edveis conquistas femininas e explora as hist\u00f3rias que moldam o nosso mundo. Seja voc\u00ea apaixonado por mudan\u00e7as sociais, buscando inspira\u00e7\u00e3o ou simplesmente curioso sobre [\u2026]<\/p>","protected":false},"author":83,"featured_media":0,"parent":0,"menu_order":0,"comment_status":"closed","ping_status":"closed","template":"","meta":{"footnotes":""},"yoast_head":"<!-- This site is optimized with the Yoast SEO plugin v23.3 - https:\/\/yoast.com\/wordpress\/plugins\/seo\/ -->\n<title>About Us -<\/title>\n<meta name=\"robots\" content=\"index, follow, max-snippet:-1, max-image-preview:large, max-video-preview:-1\" \/>\n<link rel=\"canonical\" href=\"http:\/\/analyticnews.site\/pt\/sobre-nos\/\" \/>\n<meta property=\"og:locale\" content=\"pt_BR\" \/>\n<meta property=\"og:type\" content=\"article\" \/>\n<meta property=\"og:title\" content=\"About Us -\" \/>\n<meta property=\"og:description\" content=\"Welcome to Analytics News \u2013 your ultimate resource for discovering the powerful contributions of women across various fields such as politics, science, arts, and more. Our platform celebrates the incredible achievements of women and explores the stories that shape our world. Whether you&#8217;re passionate about social change, looking to be inspired, or simply curious about [&hellip;]\" \/>\n<meta property=\"og:url\" content=\"http:\/\/analyticnews.site\/pt\/sobre-nos\/\" \/>\n<meta property=\"article:modified_time\" content=\"2025-03-28T21:10:01+00:00\" \/>\n<meta name=\"twitter:card\" content=\"summary_large_image\" \/>\n<meta name=\"twitter:label1\" content=\"Est. reading time\" \/>\n\t<meta name=\"twitter:data1\" content=\"2 minutos\" \/>\n<script type=\"application\/ld+json\" class=\"yoast-schema-graph\">{\"@context\":\"https:\/\/schema.org\",\"@graph\":[{\"@type\":\"WebPage\",\"@id\":\"http:\/\/analyticnews.site\/sobre-nos\/\",\"url\":\"http:\/\/analyticnews.site\/sobre-nos\/\",\"name\":\"About Us -\",\"isPartOf\":{\"@id\":\"https:\/\/analyticnews.site\/#website\"},\"datePublished\":\"2024-09-24T15:05:09+00:00\",\"dateModified\":\"2025-03-28T21:10:01+00:00\",\"breadcrumb\":{\"@id\":\"http:\/\/analyticnews.site\/sobre-nos\/#breadcrumb\"},\"inLanguage\":\"pt-BR\",\"potentialAction\":[{\"@type\":\"ReadAction\",\"target\":[\"http:\/\/analyticnews.site\/sobre-nos\/\"]}]},{\"@type\":\"BreadcrumbList\",\"@id\":\"http:\/\/analyticnews.site\/sobre-nos\/#breadcrumb\",\"itemListElement\":[{\"@type\":\"ListItem\",\"position\":1,\"name\":\"Home\",\"item\":\"https:\/\/analyticnews.site\/\"},{\"@type\":\"ListItem\",\"position\":2,\"name\":\"About Us\"}]},{\"@type\":\"WebSite\",\"@id\":\"https:\/\/analyticnews.site\/#website\",\"url\":\"https:\/\/analyticnews.site\/\",\"name\":\"\",\"description\":\"\",\"potentialAction\":[{\"@type\":\"SearchAction\",\"target\":{\"@type\":\"EntryPoint\",\"urlTemplate\":\"https:\/\/analyticnews.site\/?s={search_term_string}\"},\"query-input\":\"required name=search_term_string\"}],\"inLanguage\":\"pt-BR\"}]}<\/script>\n<!-- \/ Yoast SEO plugin. -->","yoast_head_json":{"title":"About Us -","robots":{"index":"index","follow":"follow","max-snippet":"max-snippet:-1","max-image-preview":"max-image-preview:large","max-video-preview":"max-video-preview:-1"},"canonical":"http:\/\/analyticnews.site\/pt\/sobre-nos\/","og_locale":"pt_BR","og_type":"article","og_title":"About Us -","og_description":"Welcome to Analytics News \u2013 your ultimate resource for discovering the powerful contributions of women across various fields such as politics, science, arts, and more. Our platform celebrates the incredible achievements of women and explores the stories that shape our world. Whether you&#8217;re passionate about social change, looking to be inspired, or simply curious about [&hellip;]","og_url":"http:\/\/analyticnews.site\/pt\/sobre-nos\/","article_modified_time":"2025-03-28T21:10:01+00:00","twitter_card":"summary_large_image","twitter_misc":{"Est. reading time":"2 minutos"},"schema":{"@context":"https:\/\/schema.org","@graph":[{"@type":"WebPage","@id":"http:\/\/analyticnews.site\/sobre-nos\/","url":"http:\/\/analyticnews.site\/sobre-nos\/","name":"About Us -","isPartOf":{"@id":"https:\/\/analyticnews.site\/#website"},"datePublished":"2024-09-24T15:05:09+00:00","dateModified":"2025-03-28T21:10:01+00:00","breadcrumb":{"@id":"http:\/\/analyticnews.site\/sobre-nos\/#breadcrumb"},"inLanguage":"pt-BR","potentialAction":[{"@type":"ReadAction","target":["http:\/\/analyticnews.site\/sobre-nos\/"]}]},{"@type":"BreadcrumbList","@id":"http:\/\/analyticnews.site\/sobre-nos\/#breadcrumb","itemListElement":[{"@type":"ListItem","position":1,"name":"Home","item":"https:\/\/analyticnews.site\/"},{"@type":"ListItem","position":2,"name":"About Us"}]},{"@type":"WebSite","@id":"https:\/\/analyticnews.site\/#website","url":"https:\/\/analyticnews.site\/","name":"","description":"","potentialAction":[{"@type":"SearchAction","target":{"@type":"EntryPoint","urlTemplate":"https:\/\/analyticnews.site\/?s={search_term_string}"},"query-input":"required name=search_term_string"}],"inLanguage":"pt-BR"}]}},"_links":{"self":[{"href":"http:\/\/analyticnews.site\/pt\/wp-json\/wp\/v2\/pages\/5033"}],"collection":[{"href":"http:\/\/analyticnews.site\/pt\/wp-json\/wp\/v2\/pages"}],"about":[{"href":"http:\/\/analyticnews.site\/pt\/wp-json\/wp\/v2\/types\/page"}],"author":[{"embeddable":true,"href":"http:\/\/analyticnews.site\/pt\/wp-json\/wp\/v2\/users\/83"}],"replies":[{"embeddable":true,"href":"http:\/\/analyticnews.site\/pt\/wp-json\/wp\/v2\/comments?post=5033"}],"version-history":[{"count":3,"href":"http:\/\/analyticnews.site\/pt\/wp-json\/wp\/v2\/pages\/5033\/revisions"}],"predecessor-version":[{"id":6000,"href":"http:\/\/analyticnews.site\/pt\/wp-json\/wp\/v2\/pages\/5033\/revisions\/6000"}],"wp:attachment":[{"href":"http:\/\/analyticnews.site\/pt\/wp-json\/wp\/v2\/media?parent=5033"}],"curies":[{"name":"wp","href":"https:\/\/api.w.org\/{rel}","templated":true}]}}