{"id":5030,"date":"2024-09-24T15:01:28","date_gmt":"2024-09-24T15:01:28","guid":{"rendered":"https:\/\/analyticnews.site\/?page_id=5030"},"modified":"2025-03-28T21:10:53","modified_gmt":"2025-03-28T21:10:53","slug":"contato","status":"publish","type":"page","link":"http:\/\/analyticnews.site\/pt\/contato\/","title":{"rendered":"Contato"},"content":{"rendered":"<p>Agradecemos sua visita ao Analytics News, sua plataforma confi\u00e1vel para celebrar as contribui\u00e7\u00f5es impactantes de mulheres em diversas \u00e1reas. Valorizamos suas ideias, perguntas e feedback. Se desejar entrar em contato, utilize as informa\u00e7\u00f5es de contato abaixo, de acordo com a natureza da sua consulta:<\/p>\n\n\n\n<p><strong>Consultas Gerais<\/strong><br>Para perguntas gerais sobre o Analytics News ou para entrar em contato com nossa equipe, envie um e-mail para <strong><a>info@analyticsnews.site<\/a><\/strong><br>Teremos sempre prazer em entrar em contato com voc\u00ea e responderemos o mais breve poss\u00edvel.<\/p>\n\n\n\n<p><strong>Conte\u00fado e Contribui\u00e7\u00f5es<\/strong><br>Tem alguma ideia sobre um artigo, quer sugerir um t\u00f3pico ou contribuir com seus pr\u00f3prios insights? Entre em contato conosco pelo e-mail <strong><a>editor@analyticsnews.site<\/a><\/strong><br>Adoramos ouvir pessoas apaixonadas e estamos animados para colaborar em conte\u00fado significativo.<\/p>\n\n\n\n<p><strong>Suporte t\u00e9cnico<\/strong><br>Se voc\u00ea estiver enfrentando algum problema ao navegar no Analytics News ou precisar de ajuda para acessar nosso conte\u00fado, entre em contato com nossa equipe de suporte em <strong><a>support@analyticsnews.site<\/a><\/strong><br>Estamos aqui para ajudar e garantir que voc\u00ea tenha a melhor experi\u00eancia em nosso site.<\/p>\n\n\n\n<p><strong>Fique conectado<\/strong><br>O Analytics News \u00e9 um espa\u00e7o digital criado para quem se importa com as contribui\u00e7\u00f5es de mulheres ao redor do mundo. Embora n\u00e3o tenhamos um escrit\u00f3rio f\u00edsico, estamos sempre online e prontos para interagir com a nossa comunidade.<\/p>\n\n\n\n<p>Obrigado por participar do Analytics News. Aguardamos seu contato!<\/p>\n\n\n\n<p>Atenciosamente,<br>A equipe de not\u00edcias anal\u00edticas<\/p>\n\n\n\n<p class=\"has-text-align-center\"><\/p>","protected":false},"excerpt":{"rendered":"<p>Thank you for visiting Analytics News, your trusted platform for celebrating the impactful contributions of women across various fields. We value your thoughts, questions, and feedback. If you\u2019d like to get in touch, please use the contact information below based on the nature of your inquiry: General InquiriesFor general questions about Analytics News or to [&hellip;]<\/p>","protected":false},"author":83,"featured_media":0,"parent":0,"menu_order":0,"comment_status":"closed","ping_status":"closed","template":"","meta":{"footnotes":""},"yoast_head":"<!-- This site is optimized with the Yoast SEO plugin v23.3 - https:\/\/yoast.com\/wordpress\/plugins\/seo\/ -->\n<title>Contact -<\/title>\n<meta name=\"robots\" content=\"index, follow, max-snippet:-1, max-image-preview:large, max-video-preview:-1\" \/>\n<link rel=\"canonical\" href=\"http:\/\/analyticnews.site\/pt\/contato\/\" \/>\n<meta property=\"og:locale\" content=\"pt_BR\" \/>\n<meta property=\"og:type\" content=\"article\" \/>\n<meta property=\"og:title\" content=\"Contact -\" \/>\n<meta property=\"og:description\" content=\"Thank you for visiting Analytics News, your trusted platform for celebrating the impactful contributions of women across various fields. We value your thoughts, questions, and feedback. If you\u2019d like to get in touch, please use the contact information below based on the nature of your inquiry: General InquiriesFor general questions about Analytics News or to [&hellip;]\" \/>\n<meta property=\"og:url\" content=\"http:\/\/analyticnews.site\/pt\/contato\/\" \/>\n<meta property=\"article:modified_time\" content=\"2025-03-28T21:10:53+00:00\" \/>\n<meta name=\"twitter:card\" content=\"summary_large_image\" \/>\n<meta name=\"twitter:label1\" content=\"Est. reading time\" \/>\n\t<meta name=\"twitter:data1\" content=\"1 minuto\" \/>\n<script type=\"application\/ld+json\" class=\"yoast-schema-graph\">{\"@context\":\"https:\/\/schema.org\",\"@graph\":[{\"@type\":\"WebPage\",\"@id\":\"http:\/\/analyticnews.site\/contato\/\",\"url\":\"http:\/\/analyticnews.site\/contato\/\",\"name\":\"Contact -\",\"isPartOf\":{\"@id\":\"https:\/\/analyticnews.site\/#website\"},\"datePublished\":\"2024-09-24T15:01:28+00:00\",\"dateModified\":\"2025-03-28T21:10:53+00:00\",\"breadcrumb\":{\"@id\":\"http:\/\/analyticnews.site\/contato\/#breadcrumb\"},\"inLanguage\":\"pt-BR\",\"potentialAction\":[{\"@type\":\"ReadAction\",\"target\":[\"http:\/\/analyticnews.site\/contato\/\"]}]},{\"@type\":\"BreadcrumbList\",\"@id\":\"http:\/\/analyticnews.site\/contato\/#breadcrumb\",\"itemListElement\":[{\"@type\":\"ListItem\",\"position\":1,\"name\":\"Home\",\"item\":\"https:\/\/analyticnews.site\/\"},{\"@type\":\"ListItem\",\"position\":2,\"name\":\"Contact\"}]},{\"@type\":\"WebSite\",\"@id\":\"https:\/\/analyticnews.site\/#website\",\"url\":\"https:\/\/analyticnews.site\/\",\"name\":\"\",\"description\":\"\",\"potentialAction\":[{\"@type\":\"SearchAction\",\"target\":{\"@type\":\"EntryPoint\",\"urlTemplate\":\"https:\/\/analyticnews.site\/?s={search_term_string}\"},\"query-input\":\"required name=search_term_string\"}],\"inLanguage\":\"pt-BR\"}]}<\/script>\n<!-- \/ Yoast SEO plugin. -->","yoast_head_json":{"title":"Contact -","robots":{"index":"index","follow":"follow","max-snippet":"max-snippet:-1","max-image-preview":"max-image-preview:large","max-video-preview":"max-video-preview:-1"},"canonical":"http:\/\/analyticnews.site\/pt\/contato\/","og_locale":"pt_BR","og_type":"article","og_title":"Contact -","og_description":"Thank you for visiting Analytics News, your trusted platform for celebrating the impactful contributions of women across various fields. We value your thoughts, questions, and feedback. If you\u2019d like to get in touch, please use the contact information below based on the nature of your inquiry: General InquiriesFor general questions about Analytics News or to [&hellip;]","og_url":"http:\/\/analyticnews.site\/pt\/contato\/","article_modified_time":"2025-03-28T21:10:53+00:00","twitter_card":"summary_large_image","twitter_misc":{"Est. reading time":"1 minuto"},"schema":{"@context":"https:\/\/schema.org","@graph":[{"@type":"WebPage","@id":"http:\/\/analyticnews.site\/contato\/","url":"http:\/\/analyticnews.site\/contato\/","name":"Contact -","isPartOf":{"@id":"https:\/\/analyticnews.site\/#website"},"datePublished":"2024-09-24T15:01:28+00:00","dateModified":"2025-03-28T21:10:53+00:00","breadcrumb":{"@id":"http:\/\/analyticnews.site\/contato\/#breadcrumb"},"inLanguage":"pt-BR","potentialAction":[{"@type":"ReadAction","target":["http:\/\/analyticnews.site\/contato\/"]}]},{"@type":"BreadcrumbList","@id":"http:\/\/analyticnews.site\/contato\/#breadcrumb","itemListElement":[{"@type":"ListItem","position":1,"name":"Home","item":"https:\/\/analyticnews.site\/"},{"@type":"ListItem","position":2,"name":"Contact"}]},{"@type":"WebSite","@id":"https:\/\/analyticnews.site\/#website","url":"https:\/\/analyticnews.site\/","name":"","description":"","potentialAction":[{"@type":"SearchAction","target":{"@type":"EntryPoint","urlTemplate":"https:\/\/analyticnews.site\/?s={search_term_string}"},"query-input":"required name=search_term_string"}],"inLanguage":"pt-BR"}]}},"_links":{"self":[{"href":"http:\/\/analyticnews.site\/pt\/wp-json\/wp\/v2\/pages\/5030"}],"collection":[{"href":"http:\/\/analyticnews.site\/pt\/wp-json\/wp\/v2\/pages"}],"about":[{"href":"http:\/\/analyticnews.site\/pt\/wp-json\/wp\/v2\/types\/page"}],"author":[{"embeddable":true,"href":"http:\/\/analyticnews.site\/pt\/wp-json\/wp\/v2\/users\/83"}],"replies":[{"embeddable":true,"href":"http:\/\/analyticnews.site\/pt\/wp-json\/wp\/v2\/comments?post=5030"}],"version-history":[{"count":6,"href":"http:\/\/analyticnews.site\/pt\/wp-json\/wp\/v2\/pages\/5030\/revisions"}],"predecessor-version":[{"id":6001,"href":"http:\/\/analyticnews.site\/pt\/wp-json\/wp\/v2\/pages\/5030\/revisions\/6001"}],"wp:attachment":[{"href":"http:\/\/analyticnews.site\/pt\/wp-json\/wp\/v2\/media?parent=5030"}],"curies":[{"name":"wp","href":"https:\/\/api.w.org\/{rel}","templated":true}]}}