{"id":5008,"date":"2024-09-24T14:55:12","date_gmt":"2024-09-24T14:55:12","guid":{"rendered":"https:\/\/analyticnews.site\/?page_id=5008"},"modified":"2025-03-28T21:12:10","modified_gmt":"2025-03-28T21:12:10","slug":"politica-de-privacidade","status":"publish","type":"page","link":"http:\/\/analyticnews.site\/pt\/politica-de-privacidade\/","title":{"rendered":"pol\u00edtica de Privacidade"},"content":{"rendered":"<p>Sua privacidade \u00e9 importante para n\u00f3s. \u00c9\u00a0<strong>NOT\u00cdCIAS ANAL\u00cdTICAS<\/strong>\u00a0pol\u00edtica de respeitar sua privacidade em rela\u00e7\u00e3o a qualquer informa\u00e7\u00e3o que possamos coletar de voc\u00ea em nosso site,\u00a0<a href=\"http:\/\/analyticnews.site\/pt\/\">NOT\u00cdCIAS ANAL\u00cdTICAS<\/a>, e outros sites que possu\u00edmos e operamos.<\/p>\n\n\n\n<p>Solicitamos informa\u00e7\u00f5es pessoais somente quando realmente precisamos delas para lhe prestar um servi\u00e7o. Coletamos essas informa\u00e7\u00f5es por meios justos e legais, com o seu conhecimento e consentimento. Tamb\u00e9m informamos por que estamos coletando essas informa\u00e7\u00f5es e como ser\u00e3o utilizadas.<\/p>\n\n\n\n<p>Retemos as informa\u00e7\u00f5es coletadas apenas pelo tempo necess\u00e1rio para fornecer o servi\u00e7o solicitado. Os dados que armazenamos ser\u00e3o protegidos dentro de meios comercialmente aceit\u00e1veis para evitar perdas e roubos, bem como acesso, divulga\u00e7\u00e3o, c\u00f3pia, uso ou modifica\u00e7\u00e3o n\u00e3o autorizados.<\/p>\n\n\n\n<p>N\u00e3o compartilhamos nenhuma informa\u00e7\u00e3o de identifica\u00e7\u00e3o pessoal publicamente ou com terceiros, exceto quando exigido por lei.<\/p>\n\n\n\n<p>Nosso site pode conter links para sites externos que n\u00e3o s\u00e3o operados por n\u00f3s. Esteja ciente de que n\u00e3o temos controle sobre o conte\u00fado e as pr\u00e1ticas desses sites e n\u00e3o podemos nos responsabilizar por suas respectivas pol\u00edticas de privacidade.<\/p>\n\n\n\n<p>Voc\u00ea tem a liberdade de recusar nossa solicita\u00e7\u00e3o de informa\u00e7\u00f5es pessoais, entendendo que talvez n\u00e3o possamos fornecer alguns dos servi\u00e7os desejados.<\/p>\n\n\n\n<p>O uso cont\u00ednuo do nosso site ser\u00e1 considerado como aceita\u00e7\u00e3o das nossas pr\u00e1ticas em rela\u00e7\u00e3o \u00e0 privacidade e \u00e0s informa\u00e7\u00f5es pessoais. Se tiver alguma d\u00favida sobre como lidamos com dados do usu\u00e1rio e informa\u00e7\u00f5es pessoais, entre em contato conosco.<\/p>\n\n\n\n<h2 class=\"wp-block-heading\"><strong>Pol\u00edtica de Cookies<\/strong>&nbsp;para&nbsp;<strong>NOT\u00cdCIAS ANAL\u00cdTICAS<\/strong><\/h2>\n\n\n\n<p>Esta \u00e9 a Pol\u00edtica de Cookies para&nbsp;<strong>NOT\u00cdCIAS ANAL\u00cdTICAS<\/strong>, acess\u00edvel a partir de URL<\/p>\n\n\n\n<h3 class=\"wp-block-heading\">O que s\u00e3o cookies<\/h3>\n\n\n\n<p>Como \u00e9 pr\u00e1tica comum em quase todos os sites profissionais, este site utiliza cookies, que s\u00e3o pequenos arquivos baixados para o seu computador, para melhorar a sua experi\u00eancia. Esta p\u00e1gina descreve quais informa\u00e7\u00f5es eles coletam, como as utilizamos e por que \u00e0s vezes precisamos armazenar esses cookies. Tamb\u00e9m compartilharemos como voc\u00ea pode impedir o armazenamento desses cookies, mas isso pode prejudicar ou &quot;quebrar&quot; certos elementos da funcionalidade do site.<\/p>\n\n\n\n<h3 class=\"wp-block-heading\">Como usamos cookies<\/h3>\n\n\n\n<p>Utilizamos cookies por diversos motivos, detalhados abaixo. Infelizmente, na maioria dos casos, n\u00e3o existem op\u00e7\u00f5es padr\u00e3o do setor para desativar cookies sem desativar completamente a funcionalidade e os recursos que eles adicionam a este site. Recomenda-se que voc\u00ea deixe todos os cookies ativados caso n\u00e3o tenha certeza se precisa deles ou n\u00e3o, caso sejam usados para fornecer um servi\u00e7o que voc\u00ea utiliza.<\/p>\n\n\n\n<h3 class=\"wp-block-heading\">Desativando Cookies<\/h3>\n\n\n\n<p>Voc\u00ea pode impedir a configura\u00e7\u00e3o de cookies ajustando as configura\u00e7\u00f5es do seu navegador (consulte a Ajuda do seu navegador para saber como fazer isso). Esteja ciente de que a desativa\u00e7\u00e3o de cookies afetar\u00e1 a funcionalidade deste e de muitos outros sites que voc\u00ea visita. A desativa\u00e7\u00e3o de cookies geralmente resulta na desativa\u00e7\u00e3o de determinadas funcionalidades e recursos deste site. Portanto, \u00e9 recomend\u00e1vel que voc\u00ea n\u00e3o desative os cookies.<\/p>\n\n\n\n<h3 class=\"wp-block-heading\">Os cookies que definimos<\/h3>\n\n\n\n<ul>\n<li>Cookies relacionados \u00e0 conta<br>Se voc\u00ea criar uma conta conosco, usaremos cookies para gerenciar o processo de cadastro e administra\u00e7\u00e3o geral. Esses cookies geralmente ser\u00e3o exclu\u00eddos quando voc\u00ea sair, mas, em alguns casos, eles podem permanecer para lembrar suas prefer\u00eancias do site ao sair.<\/li>\n\n\n\n<li>Cookies relacionados ao login<br>Utilizamos cookies quando voc\u00ea est\u00e1 logado para que possamos nos lembrar dessa a\u00e7\u00e3o. Isso evita que voc\u00ea precise fazer login sempre que visitar uma nova p\u00e1gina. Esses cookies geralmente s\u00e3o removidos ou limpos quando voc\u00ea sai, para garantir que voc\u00ea s\u00f3 possa acessar recursos e \u00e1reas restritas enquanto estiver logado.<\/li>\n\n\n\n<li>Cookies relacionados a boletins informativos por e-mail<br><br>Este site oferece servi\u00e7os de assinatura de boletins informativos ou e-mail e cookies podem ser usados para lembrar se voc\u00ea j\u00e1 est\u00e1 registrado e se deve mostrar determinadas notifica\u00e7\u00f5es que podem ser v\u00e1lidas apenas para usu\u00e1rios inscritos\/n\u00e3o inscritos.<\/li>\n\n\n\n<li>Cookies relacionados ao processamento de pedidos<br>Este site oferece servi\u00e7os de com\u00e9rcio eletr\u00f4nico ou pagamento e alguns cookies s\u00e3o essenciais para garantir que seu pedido seja lembrado entre as p\u00e1ginas para que possamos process\u00e1-lo corretamente.<\/li>\n\n\n\n<li>Cookies relacionados a pesquisas<br>Periodicamente, oferecemos pesquisas e question\u00e1rios para fornecer insights interessantes, ferramentas \u00fateis ou para entender nossa base de usu\u00e1rios com mais precis\u00e3o. Essas pesquisas podem usar cookies para lembrar quem j\u00e1 participou de uma pesquisa ou para fornecer resultados precisos ap\u00f3s a altera\u00e7\u00e3o das p\u00e1ginas.<\/li>\n\n\n\n<li>Cookies relacionados a formul\u00e1rios<br>Quando voc\u00ea envia dados por meio de um formul\u00e1rio como os encontrados nas p\u00e1ginas de contato ou formul\u00e1rios de coment\u00e1rios, cookies podem ser configurados para lembrar seus detalhes de usu\u00e1rio para correspond\u00eancia futura.<\/li>\n\n\n\n<li>Cookies de prefer\u00eancias do site<br>Para lhe proporcionar uma \u00f3tima experi\u00eancia neste site, disponibilizamos a funcionalidade para definir as suas prefer\u00eancias de funcionamento quando o utiliza. Para memorizar as suas prefer\u00eancias, precisamos de definir cookies para que estas informa\u00e7\u00f5es possam ser consultadas sempre que interagir com uma p\u00e1gina que seja afetada pelas suas prefer\u00eancias.<\/li>\n<\/ul>\n\n\n\n<h3 class=\"wp-block-heading\">Cookies de terceiros<\/h3>\n\n\n\n<p>Em alguns casos especiais, tamb\u00e9m utilizamos cookies fornecidos por terceiros confi\u00e1veis. A se\u00e7\u00e3o a seguir detalha quais cookies de terceiros voc\u00ea pode encontrar neste site.<\/p>\n\n\n\n<ul>\n<li>Este site utiliza o Google Analytics, uma das solu\u00e7\u00f5es de an\u00e1lise mais difundidas e confi\u00e1veis da web, para nos ajudar a entender como voc\u00ea usa o site e como podemos melhorar sua experi\u00eancia. Esses cookies podem rastrear informa\u00e7\u00f5es como o tempo que voc\u00ea passa no site e as p\u00e1ginas que voc\u00ea visita, para que possamos continuar produzindo conte\u00fado envolvente. Para mais informa\u00e7\u00f5es sobre os cookies do Google Analytics, consulte a p\u00e1gina oficial do Google Analytics.<\/li>\n\n\n\n<li>An\u00e1lises de terceiros s\u00e3o usadas para rastrear e mensurar o uso deste site, para que possamos continuar produzindo conte\u00fado envolvente. Esses cookies podem rastrear informa\u00e7\u00f5es como o tempo que voc\u00ea passa no site ou as p\u00e1ginas que voc\u00ea visita, o que nos ajuda a entender como podemos melhorar o site para voc\u00ea.<\/li>\n\n\n\n<li>Periodicamente, testamos novos recursos e fazemos pequenas altera\u00e7\u00f5es na forma como o site \u00e9 apresentado. Enquanto ainda estamos testando novos recursos, esses cookies podem ser usados para garantir que voc\u00ea tenha uma experi\u00eancia consistente enquanto estiver no site, al\u00e9m de garantir que entendamos quais otimiza\u00e7\u00f5es nossos usu\u00e1rios mais apreciam.<\/li>\n\n\n\n<li>Como vendemos produtos, \u00e9 importante entendermos as estat\u00edsticas sobre quantos visitantes do nosso site realmente compram e, portanto, esse \u00e9 o tipo de dado que esses cookies rastrear\u00e3o. Isso \u00e9 importante para voc\u00ea, pois significa que podemos fazer previs\u00f5es de neg\u00f3cios com precis\u00e3o, o que nos permite monitorar nossos custos com publicidade e produtos para garantir o melhor pre\u00e7o poss\u00edvel.<\/li>\n\n\n\n<li>Tamb\u00e9m utilizamos bot\u00f5es e\/ou plugins de m\u00eddia social neste site que permitem que voc\u00ea se conecte \u00e0 sua rede social de diversas maneiras. Para que funcionem, os seguintes sites de m\u00eddia social, incluindo: {Liste as redes sociais cujos recursos voc\u00ea integrou ao seu site?:12}, definir\u00e3o cookies em nosso site que podem ser usados para aprimorar seu perfil no site deles ou contribuir para os dados que eles mant\u00eam para diversos fins descritos em suas respectivas pol\u00edticas de privacidade.<\/li>\n<\/ul>\n\n\n\n<h2 class=\"wp-block-heading\">Mais informa\u00e7\u00f5es<\/h2>\n\n\n\n<p>Espero que isso tenha esclarecido as coisas para voc\u00ea e, como mencionado anteriormente, se houver algo que voc\u00ea n\u00e3o tem certeza se precisa ou n\u00e3o, geralmente \u00e9 mais seguro deixar os cookies ativados, caso isso interaja com um dos recursos que voc\u00ea usa em nosso site.<\/p>\n\n\n\n<p>Esta pol\u00edtica \u00e9 v\u00e1lida a partir de&nbsp;<strong>Mar\u00e7o<\/strong>&nbsp;<strong>2025<\/strong>.<\/p>","protected":false},"excerpt":{"rendered":"<p>Sua privacidade \u00e9 importante para n\u00f3s. \u00c9 pol\u00edtica da ANALYTIC NEWS respeitar a sua privacidade em rela\u00e7\u00e3o a qualquer informa\u00e7\u00e3o que possamos coletar de voc\u00ea em nosso site, na ANALYTIC NEWS e em outros sites que possu\u00edmos e operamos. Solicitamos informa\u00e7\u00f5es pessoais apenas quando realmente precisamos delas para lhe fornecer um servi\u00e7o. Coletamos essas informa\u00e7\u00f5es de forma justa e [\u2026]<\/p>","protected":false},"author":83,"featured_media":0,"parent":0,"menu_order":0,"comment_status":"closed","ping_status":"closed","template":"","meta":{"footnotes":""},"yoast_head":"<!-- This site is optimized with the Yoast SEO plugin v23.3 - https:\/\/yoast.com\/wordpress\/plugins\/seo\/ -->\n<title>Privacy Policy -<\/title>\n<meta name=\"robots\" content=\"index, follow, max-snippet:-1, max-image-preview:large, max-video-preview:-1\" \/>\n<link rel=\"canonical\" href=\"http:\/\/analyticnews.site\/pt\/politica-de-privacidade\/\" \/>\n<meta property=\"og:locale\" content=\"pt_BR\" \/>\n<meta property=\"og:type\" content=\"article\" \/>\n<meta property=\"og:title\" content=\"Privacy Policy -\" \/>\n<meta property=\"og:description\" content=\"Your privacy is important to us. It is\u00a0ANALYTIC NEWS&#8217;s\u00a0policy to respect your privacy regarding any information we may collect from you across our website,\u00a0ANALYTIC NEWS, and other sites we own and operate. We only ask for personal information when we truly need it to provide a service to you. We collect it by fair and [&hellip;]\" \/>\n<meta property=\"og:url\" content=\"http:\/\/analyticnews.site\/pt\/politica-de-privacidade\/\" \/>\n<meta property=\"article:modified_time\" content=\"2025-03-28T21:12:10+00:00\" \/>\n<meta name=\"twitter:card\" content=\"summary_large_image\" \/>\n<meta name=\"twitter:label1\" content=\"Est. reading time\" \/>\n\t<meta name=\"twitter:data1\" content=\"6 minutos\" \/>\n<script type=\"application\/ld+json\" class=\"yoast-schema-graph\">{\"@context\":\"https:\/\/schema.org\",\"@graph\":[{\"@type\":\"WebPage\",\"@id\":\"http:\/\/analyticnews.site\/politica-de-privacidade\/\",\"url\":\"http:\/\/analyticnews.site\/politica-de-privacidade\/\",\"name\":\"Privacy Policy -\",\"isPartOf\":{\"@id\":\"https:\/\/analyticnews.site\/#website\"},\"datePublished\":\"2024-09-24T14:55:12+00:00\",\"dateModified\":\"2025-03-28T21:12:10+00:00\",\"breadcrumb\":{\"@id\":\"http:\/\/analyticnews.site\/politica-de-privacidade\/#breadcrumb\"},\"inLanguage\":\"pt-BR\",\"potentialAction\":[{\"@type\":\"ReadAction\",\"target\":[\"http:\/\/analyticnews.site\/politica-de-privacidade\/\"]}]},{\"@type\":\"BreadcrumbList\",\"@id\":\"http:\/\/analyticnews.site\/politica-de-privacidade\/#breadcrumb\",\"itemListElement\":[{\"@type\":\"ListItem\",\"position\":1,\"name\":\"Home\",\"item\":\"https:\/\/analyticnews.site\/\"},{\"@type\":\"ListItem\",\"position\":2,\"name\":\"Privacy Policy\"}]},{\"@type\":\"WebSite\",\"@id\":\"https:\/\/analyticnews.site\/#website\",\"url\":\"https:\/\/analyticnews.site\/\",\"name\":\"\",\"description\":\"\",\"potentialAction\":[{\"@type\":\"SearchAction\",\"target\":{\"@type\":\"EntryPoint\",\"urlTemplate\":\"https:\/\/analyticnews.site\/?s={search_term_string}\"},\"query-input\":\"required name=search_term_string\"}],\"inLanguage\":\"pt-BR\"}]}<\/script>\n<!-- \/ Yoast SEO plugin. -->","yoast_head_json":{"title":"Privacy Policy -","robots":{"index":"index","follow":"follow","max-snippet":"max-snippet:-1","max-image-preview":"max-image-preview:large","max-video-preview":"max-video-preview:-1"},"canonical":"http:\/\/analyticnews.site\/pt\/politica-de-privacidade\/","og_locale":"pt_BR","og_type":"article","og_title":"Privacy Policy -","og_description":"Your privacy is important to us. It is\u00a0ANALYTIC NEWS&#8217;s\u00a0policy to respect your privacy regarding any information we may collect from you across our website,\u00a0ANALYTIC NEWS, and other sites we own and operate. We only ask for personal information when we truly need it to provide a service to you. We collect it by fair and [&hellip;]","og_url":"http:\/\/analyticnews.site\/pt\/politica-de-privacidade\/","article_modified_time":"2025-03-28T21:12:10+00:00","twitter_card":"summary_large_image","twitter_misc":{"Est. reading time":"6 minutos"},"schema":{"@context":"https:\/\/schema.org","@graph":[{"@type":"WebPage","@id":"http:\/\/analyticnews.site\/politica-de-privacidade\/","url":"http:\/\/analyticnews.site\/politica-de-privacidade\/","name":"Privacy Policy -","isPartOf":{"@id":"https:\/\/analyticnews.site\/#website"},"datePublished":"2024-09-24T14:55:12+00:00","dateModified":"2025-03-28T21:12:10+00:00","breadcrumb":{"@id":"http:\/\/analyticnews.site\/politica-de-privacidade\/#breadcrumb"},"inLanguage":"pt-BR","potentialAction":[{"@type":"ReadAction","target":["http:\/\/analyticnews.site\/politica-de-privacidade\/"]}]},{"@type":"BreadcrumbList","@id":"http:\/\/analyticnews.site\/politica-de-privacidade\/#breadcrumb","itemListElement":[{"@type":"ListItem","position":1,"name":"Home","item":"https:\/\/analyticnews.site\/"},{"@type":"ListItem","position":2,"name":"Privacy Policy"}]},{"@type":"WebSite","@id":"https:\/\/analyticnews.site\/#website","url":"https:\/\/analyticnews.site\/","name":"","description":"","potentialAction":[{"@type":"SearchAction","target":{"@type":"EntryPoint","urlTemplate":"https:\/\/analyticnews.site\/?s={search_term_string}"},"query-input":"required name=search_term_string"}],"inLanguage":"pt-BR"}]}},"_links":{"self":[{"href":"http:\/\/analyticnews.site\/pt\/wp-json\/wp\/v2\/pages\/5008"}],"collection":[{"href":"http:\/\/analyticnews.site\/pt\/wp-json\/wp\/v2\/pages"}],"about":[{"href":"http:\/\/analyticnews.site\/pt\/wp-json\/wp\/v2\/types\/page"}],"author":[{"embeddable":true,"href":"http:\/\/analyticnews.site\/pt\/wp-json\/wp\/v2\/users\/83"}],"replies":[{"embeddable":true,"href":"http:\/\/analyticnews.site\/pt\/wp-json\/wp\/v2\/comments?post=5008"}],"version-history":[{"count":6,"href":"http:\/\/analyticnews.site\/pt\/wp-json\/wp\/v2\/pages\/5008\/revisions"}],"predecessor-version":[{"id":6003,"href":"http:\/\/analyticnews.site\/pt\/wp-json\/wp\/v2\/pages\/5008\/revisions\/6003"}],"wp:attachment":[{"href":"http:\/\/analyticnews.site\/pt\/wp-json\/wp\/v2\/media?parent=5008"}],"curies":[{"name":"wp","href":"https:\/\/api.w.org\/{rel}","templated":true}]}}